{"id":8,"date":"2020-12-07T00:15:22","date_gmt":"2020-12-07T00:15:22","guid":{"rendered":"https:\/\/eboat.moxiworks.com\/georgiana-ciutescu\/get-advice-selling"},"modified":"2026-03-29T22:40:25","modified_gmt":"2026-03-29T22:40:25","slug":"get-advice-selling","status":"publish","type":"page","link":"https:\/\/georgianaciutescu.ca\/fr-ca\/get-advice-selling","title":{"rendered":"VENTE"},"content":{"rendered":"\n<h2>Le pouvoir du 21e\u00ae si\u00e8cle<\/h2>\n<h4>Exposition mondiale<\/h4>\n<p>Quand vous vendez avec moi, votre maison b\u00e9n\u00e9ficie de la sc\u00e8ne mondiale qu\u2019elle m\u00e9rite.<\/p>\n<p>Gr\u00e2ce <a href=\"http:\/\/Century21Global.com\">\u00e0 Century21Global.com<\/a>, votre annonce atteint des acheteurs s\u00e9rieux dans 36 pays et 18 langues. Il est aussi automatiquement mis en avant sur <a href=\"https:\/\/www.zillow.com\/\">Zillow.com<\/a>, le plus grand march\u00e9 immobilier d\u2019Am\u00e9rique du Nord. <\/p>\n<p>Plus d\u2019yeux. Plus d\u2019acheteurs. De meilleures offres.  <\/p>\n<p>C\u2019est le pouvoir que j\u2019apporte \u00e0 ta vente.<\/p>\n<h4>Plan de marketing personnalis\u00e9<\/h4>\n<p>Vendre votre maison n\u2019est pas un processus universel \u2013 et je ne le consid\u00e8re pas comme \u00e7a. Je construis une strat\u00e9gie marketing personnalis\u00e9e autour de votre propri\u00e9t\u00e9, de votre quartier et de votre calendrier. Chaque campagne que je cr\u00e9e est con\u00e7ue avec un seul objectif en t\u00eate : attirer les bons acheteurs et vous assurer la meilleure entente possible. Parce que quand tu travailles avec moi, te contenter n\u2019est jamais une option.   <\/p>\n<p><a href=\"https:\/\/georgiana-ciutescu.c21.ca\/fr-ca\/about-me\" target=\"_self\">  Contactez-moi  <\/a> <img decoding=\"async\" title=\"Le sombre, brutal, l\u2019int\u00e9rieur, de, le, salon, dans un\" src=\"https:\/\/georgianaciutescu.ca\/files\/2026\/03\/OTHER-PIC-scaled.jpg\" alt=\"Le sombre, brutal, l\u2019int\u00e9rieur, de, le, salon, dans un\" width=\"2560\" height=\"1707\"><\/p>\n<h2>Nouvelles de quartier<\/h2>\n<p>Vous voulez un aper\u00e7u d\u2019un quartier en particulier?  <strong>Remplissez le formulaire pour commencer.<\/strong><\/p>\n<p><a href=\"\/neighborhood-news\" target=\"_self\">  Oui, commen\u00e7ons  <\/a> <img decoding=\"async\" title=\"Nouvelles-Quartier-iPhone-Mockup-Crop 1024x942\" src=\"https:\/\/templates.c21canada.moxiworks.net\/files\/2021\/01\/neighborhood-news-iphone-mockup-cropped-1024x942-1.png\" alt=\"Nouvelles-Quartier-iPhone-Mockup-Crop 1024x942\" width=\"1024\" height=\"942\"><\/p>\n<h2>Faites la prochaine \u00e9tape de votre parcours<\/h2>\n<p>J\u2019ai h\u00e2te de travailler avec vous et de vous aider \u00e0 atteindre vos objectifs de propri\u00e9t\u00e9. Contactez-nous pour nous contacter et commencer le processus d\u00e8s aujourd\u2019hui. J\u2019offre :  <\/p>\n","protected":false},"excerpt":{"rendered":"<p>Le pouvoir du 21e\u00ae si\u00e8cle Exposition mondiale Quand vous vendez avec moi, votre maison b\u00e9n\u00e9ficie de la sc\u00e8ne mondiale qu\u2019elle m\u00e9rite. Gr\u00e2ce \u00e0 Century21Global.com, votre annonce atteint des acheteurs s\u00e9rieux dans 36 pays et 18 langues. Il est aussi automatiquement mis en avant sur Zillow.com, le plus grand march\u00e9 immobilier d\u2019Am\u00e9rique du Nord. Plus d\u2019yeux. [&hellip;]<\/p>\n","protected":false},"author":14684,"featured_media":1856,"parent":0,"menu_order":0,"comment_status":"closed","ping_status":"closed","template":"","meta":{"footnotes":""},"class_list":["post-8","page","type-page","status-publish","has-post-thumbnail","hentry"],"_links":{"self":[{"href":"https:\/\/georgianaciutescu.ca\/fr-ca\/wp-json\/wp\/v2\/pages\/8","targetHints":{"allow":["GET"]}}],"collection":[{"href":"https:\/\/georgianaciutescu.ca\/fr-ca\/wp-json\/wp\/v2\/pages"}],"about":[{"href":"https:\/\/georgianaciutescu.ca\/fr-ca\/wp-json\/wp\/v2\/types\/page"}],"author":[{"embeddable":true,"href":"https:\/\/georgianaciutescu.ca\/fr-ca\/wp-json\/wp\/v2\/users\/14684"}],"replies":[{"embeddable":true,"href":"https:\/\/georgianaciutescu.ca\/fr-ca\/wp-json\/wp\/v2\/comments?post=8"}],"version-history":[{"count":2,"href":"https:\/\/georgianaciutescu.ca\/fr-ca\/wp-json\/wp\/v2\/pages\/8\/revisions"}],"predecessor-version":[{"id":253,"href":"https:\/\/georgianaciutescu.ca\/fr-ca\/wp-json\/wp\/v2\/pages\/8\/revisions\/253"}],"wp:featuredmedia":[{"embeddable":true,"href":"https:\/\/georgianaciutescu.ca\/fr-ca\/wp-json\/"}],"wp:attachment":[{"href":"https:\/\/georgianaciutescu.ca\/fr-ca\/wp-json\/wp\/v2\/media?parent=8"}],"curies":[{"name":"wp","href":"https:\/\/api.w.org\/{rel}","templated":true}]}}