{"id":6,"date":"2020-12-07T00:45:26","date_gmt":"2020-12-07T00:45:26","guid":{"rendered":"https:\/\/eboat.moxiworks.com\/georgiana-ciutescu\/get-advice-buying"},"modified":"2026-03-29T22:40:23","modified_gmt":"2026-03-29T22:40:23","slug":"get-advice-buying","status":"publish","type":"page","link":"https:\/\/georgianaciutescu.ca\/fr-ca\/get-advice-buying","title":{"rendered":"ACHAT"},"content":{"rendered":"\n<h2>Te soutenir \u00e0 chaque \u00e9tape<\/h2>\n<p>Vous m\u00e9ritez une maison qui correspond \u00e0 votre vision. Avec une expertise du march\u00e9, de puissantes comp\u00e9tences en n\u00e9gociation et une v\u00e9ritable passion pour l\u2019immobilier, je vais au-del\u00e0 de la recherche pour obtenir des r\u00e9sultats qui d\u00e9passent vos attentes. <\/p>\n<p>Votre maison parfaite existe \u2013 trouvons-la ensemble.<\/p>\n<p><a href=\"https:\/\/georgiana-ciutescu.c21.ca\/fr-ca\/about-me\" target=\"_self\">  Contactez-moi  <\/a> <img decoding=\"async\" title=\"Moderne, Salon, Salon, En A, Historique, Style, Avec A, Marbre\" src=\"https:\/\/georgianaciutescu.ca\/files\/2026\/03\/shutterstock_2443086561-scaled.jpg\" alt=\"Moderne, Salon, Salon, En A, Historique, Style, Avec A, Marbre\" width=\"2560\" height=\"1707\"><\/p>\n<h2>GLOSSAIRE DE L\u2019ACHETEUR DE MAISON<\/h2>\n<h4>P\u00c9RIODE D\u2019AMORTISSEMENT<\/h4>\n<p>Le nombre d\u2019ann\u00e9es n\u00e9cessaires pour rembourser la totalit\u00e9 du montant du financement selon un ensemble de paiements fixes.<\/p>\n<h4>APLAUDISSEMENTS<\/h4>\n<p>Le processus de d\u00e9termination de la valeur marchande d\u2019une propri\u00e9t\u00e9.<\/p>\n<h4>Hypoth\u00e8ques FERM\u00c9ES.<\/h4>\n<p>Une hypoth\u00e8que qui ne peut pas \u00eatre pr\u00e9pay\u00e9e ou n\u00e9goci\u00e9e pendant une p\u00e9riode d\u00e9termin\u00e9e sans p\u00e9nalit\u00e9s.<\/p>\n<h4>Date de cl\u00f4ture<\/h4>\n<p>La date \u00e0 laquelle le nouveau propri\u00e9taire prend possession de la propri\u00e9t\u00e9 et la vente devient finale.<\/p>\n<h4>Garantie<\/h4>\n<p>Un actif, comme un d\u00e9p\u00f4t \u00e0 terme, une obligation d\u2019\u00e9pargne canadienne ou une automobile, que vous offrez en garantie pour un pr\u00eat.<\/p>\n<h4>D\u00e9p\u00f4t<\/h4>\n<p>Une somme d\u2019argent d\u00e9pos\u00e9e en fiducie par l\u2019acheteur lors d\u2019une offre d\u2019achat. Lorsque l\u2019offre est accept\u00e9e par le vendeur (le vendeur), le d\u00e9p\u00f4t est conserv\u00e9 en fiducie par le courtier immobilier, l\u2019avocat ou le notaire qui l\u2019annonce, jusqu\u2019\u00e0 la date de cl\u00f4ture de la vente, moment o\u00f9 il est remis au vendeur. <\/p>\n<h4>\u00c9quit\u00e9<\/h4>\n<p>La diff\u00e9rence entre la valeur marchande de la propri\u00e9t\u00e9 et les hypoth\u00e8ques en cours d\u00e9pos\u00e9es sur la propri\u00e9t\u00e9. Cette diff\u00e9rence appartient au propri\u00e9taire de cette propri\u00e9t\u00e9. <\/p>\n<h4>HYPOTH\u00c8QUE<\/h4>\n<p>Une hypoth\u00e8que est un pr\u00eat qui utilise un bien immobilier comme garantie. Une fois le pr\u00eat rembours\u00e9, le pr\u00eateur accorde une d\u00e9charge de cette hypoth\u00e8que. <\/p>\n<h4>Terme<\/h4>\n<p>La p\u00e9riode couverte par l\u2019entente de financement. Les conditions disponibles sont : 6 mois, 1,2,3,4,5,6,7,10 ans, et le taux d\u2019int\u00e9r\u00eat sera fixe pour la dur\u00e9e choisie. <\/p>\n<h2>Nouvelles de quartier<\/h2>\n<p>Vous voulez un aper\u00e7u d\u2019un quartier en particulier?  <strong>Remplissez le formulaire pour commencer.<\/strong><\/p>\n<p><a href=\"\/neighborhood-news\" target=\"_self\">  Oui, commen\u00e7ons  <\/a> <img decoding=\"async\" title=\"Nouvelles-Quartier-iPhone-Mockup-Crop 1024x942\" src=\"https:\/\/templates.c21canada.moxiworks.net\/files\/2021\/01\/neighborhood-news-iphone-mockup-cropped-1024x942-1.png\" alt=\"Nouvelles-Quartier-iPhone-Mockup-Crop 1024x942\" width=\"1024\" height=\"942\"><\/p>\n<h2>Faites la prochaine \u00e9tape de votre parcours<\/h2>\n<p>J\u2019ai h\u00e2te de travailler avec vous et de vous aider \u00e0 atteindre vos objectifs de propri\u00e9t\u00e9. Contactez-nous pour nous contacter et commencer le processus d\u00e8s aujourd\u2019hui. J\u2019offre :  <\/p>\n","protected":false},"excerpt":{"rendered":"<p>Te soutenir \u00e0 chaque \u00e9tape Vous m\u00e9ritez une maison qui correspond \u00e0 votre vision. Avec une expertise du march\u00e9, de puissantes comp\u00e9tences en n\u00e9gociation et une v\u00e9ritable passion pour l\u2019immobilier, je vais au-del\u00e0 de la recherche pour obtenir des r\u00e9sultats qui d\u00e9passent vos attentes. Votre maison parfaite existe \u2013 trouvons-la ensemble. Contactez-moi GLOSSAIRE DE L\u2019ACHETEUR [&hellip;]<\/p>\n","protected":false},"author":14684,"featured_media":1856,"parent":0,"menu_order":0,"comment_status":"closed","ping_status":"closed","template":"","meta":{"footnotes":""},"class_list":["post-6","page","type-page","status-publish","has-post-thumbnail","hentry"],"_links":{"self":[{"href":"https:\/\/georgianaciutescu.ca\/fr-ca\/wp-json\/wp\/v2\/pages\/6","targetHints":{"allow":["GET"]}}],"collection":[{"href":"https:\/\/georgianaciutescu.ca\/fr-ca\/wp-json\/wp\/v2\/pages"}],"about":[{"href":"https:\/\/georgianaciutescu.ca\/fr-ca\/wp-json\/wp\/v2\/types\/page"}],"author":[{"embeddable":true,"href":"https:\/\/georgianaciutescu.ca\/fr-ca\/wp-json\/wp\/v2\/users\/14684"}],"replies":[{"embeddable":true,"href":"https:\/\/georgianaciutescu.ca\/fr-ca\/wp-json\/wp\/v2\/comments?post=6"}],"version-history":[{"count":1,"href":"https:\/\/georgianaciutescu.ca\/fr-ca\/wp-json\/wp\/v2\/pages\/6\/revisions"}],"predecessor-version":[{"id":254,"href":"https:\/\/georgianaciutescu.ca\/fr-ca\/wp-json\/wp\/v2\/pages\/6\/revisions\/254"}],"wp:featuredmedia":[{"embeddable":true,"href":"https:\/\/georgianaciutescu.ca\/fr-ca\/wp-json\/"}],"wp:attachment":[{"href":"https:\/\/georgianaciutescu.ca\/fr-ca\/wp-json\/wp\/v2\/media?parent=6"}],"curies":[{"name":"wp","href":"https:\/\/api.w.org\/{rel}","templated":true}]}}