{"id":251,"date":"2026-03-26T15:02:15","date_gmt":"2026-03-26T15:02:15","guid":{"rendered":"https:\/\/georgiana-ciutescu.c21.ca\/domicile"},"modified":"2026-03-29T22:40:27","modified_gmt":"2026-03-29T22:40:27","slug":"domicile","status":"publish","type":"page","link":"https:\/\/georgianaciutescu.ca\/fr-ca","title":{"rendered":"DOMICILE"},"content":{"rendered":"\n\n\t<h1><strong>O\u00f9 chaque d\u00e9tail compte.<\/strong><\/h1>\n\n\t<p><strong>VOUS \u00caTES AU BON ENDROIT<\/strong><\/p>\n<p>Que vous achetiez votre premi\u00e8re maison, vendiez une propri\u00e9t\u00e9 que vous aimez ou exploriez simplement vos options, vous avez trouv\u00e9 le bon partenaire. Je suis Georgiana Ciutescu, une courti\u00e8re immobili\u00e8re d\u00e9vou\u00e9e dans la r\u00e9gion du Grand Toronto chez Century 21 Signature Service Brokerage, et je suis ici pour rendre votre exp\u00e9rience aussi fluide et gratifiante que possible.<\/p>\n<p><strong>L\u2019immobilier, c\u2019est personnel. C\u2019est pareil pour ma m\u00e9thode.<\/strong><\/p>\n<p>La situation de chaque client est diff\u00e9rente, et par cons\u00e9quent, j\u2019adapte mon approche \u00e0 vos objectifs uniques. Que vous soyez attir\u00e9 par la beaut\u00e9 naturelle et l\u2019intimit\u00e9 du canton de King, les communaut\u00e9s dynamiques de Mississauga ou n\u2019importe o\u00f9 dans la r\u00e9gion de la r\u00e9gion du Grand Toronto, j\u2019apporte une connaissance approfondie du march\u00e9 local et un v\u00e9ritable souci \u00e0 chaque transaction. En fait, ce sont les d\u00e9tails que les autres n\u00e9gligent ceux auxquels je porte le plus d\u2019attention.<\/p>\n<p><strong>Acheter une maison dans la r\u00e9gion du Grand Toronto<\/strong><\/p>\n<p>En tant qu\u2019agent immobilier dans la r\u00e9gion du Grand Toronto, trouver la bonne maison demande plus que de simplement parcourir les annonces. Cela demande de la perspicacit\u00e9, de la patience et un conseiller de confiance qui comprend ce qui compte pour vous. C\u2019est pourquoi je vous accompagne \u00e0 chaque \u00e9tape \u2013 de votre premi\u00e8re recherche jusqu\u2019au moment o\u00f9 vous obtenez vos cl\u00e9s. Gr\u00e2ce \u00e0 l\u2019acc\u00e8s aux derni\u00e8res annonces MLS\u00ae et \u00e0 une solide compr\u00e9hension des tendances du march\u00e9 local, je vous aide \u00e0 prendre des d\u00e9cisions confiantes et \u00e9clair\u00e9es.<\/p>\n<p><strong>Vendre votre maison avec confiance<\/strong><\/p>\n<p>Quand il s\u2019agit de vendre, la premi\u00e8re impression et les prix intelligents font toute la diff\u00e9rence. Je fournis une analyse de march\u00e9 approfondie, un marketing professionnel et des conseils pratiques pour que votre maison se d\u00e9marque et se vend au meilleur rapport qualit\u00e9-prix. De plus, je m\u2019occupe des d\u00e9tails pour que tu puisses te concentrer sur la suite.<\/p>\n<p><strong>Quand tu seras pr\u00eat, je serai l\u00e0.<\/strong><\/p>\n<p>Il n\u2019y a ni pression ni pr\u00e9cipitation. Que votre d\u00e9m\u00e9nagement ait lieu maintenant ou dans quelques mois, je suis toujours disponible pour r\u00e9pondre aux questions, mettre \u00e0 jour le march\u00e9 boursier ou simplement discuter de vos options. Contactez-nous d\u00e8s aujourd\u2019hui \u2013 j\u2019aimerais beaucoup vous aider \u00e0 trouver votre place dans le GTA.<\/p>\n\n","protected":false},"excerpt":{"rendered":"<p>O\u00f9 chaque d\u00e9tail compte. VOUS \u00caTES AU BON ENDROIT Que vous achetiez votre premi\u00e8re maison, vendiez une propri\u00e9t\u00e9 que vous aimez ou exploriez simplement vos options, vous avez trouv\u00e9 le bon partenaire. Je suis Georgiana Ciutescu, une courti\u00e8re immobili\u00e8re d\u00e9vou\u00e9e dans la r\u00e9gion du Grand Toronto chez Century 21 Signature Service Brokerage, et je suis [&hellip;]<\/p>\n","protected":false},"author":229403,"featured_media":260,"parent":0,"menu_order":0,"comment_status":"closed","ping_status":"closed","template":"","meta":{"footnotes":""},"class_list":["post-251","page","type-page","status-publish","has-post-thumbnail","hentry"],"_links":{"self":[{"href":"https:\/\/georgianaciutescu.ca\/fr-ca\/wp-json\/wp\/v2\/pages\/251","targetHints":{"allow":["GET"]}}],"collection":[{"href":"https:\/\/georgianaciutescu.ca\/fr-ca\/wp-json\/wp\/v2\/pages"}],"about":[{"href":"https:\/\/georgianaciutescu.ca\/fr-ca\/wp-json\/wp\/v2\/types\/page"}],"author":[{"embeddable":true,"href":"https:\/\/georgianaciutescu.ca\/fr-ca\/wp-json\/wp\/v2\/users\/229403"}],"replies":[{"embeddable":true,"href":"https:\/\/georgianaciutescu.ca\/fr-ca\/wp-json\/wp\/v2\/comments?post=251"}],"version-history":[{"count":1,"href":"https:\/\/georgianaciutescu.ca\/fr-ca\/wp-json\/wp\/v2\/pages\/251\/revisions"}],"predecessor-version":[{"id":255,"href":"https:\/\/georgianaciutescu.ca\/fr-ca\/wp-json\/wp\/v2\/pages\/251\/revisions\/255"}],"wp:featuredmedia":[{"embeddable":true,"href":"https:\/\/georgianaciutescu.ca\/fr-ca\/wp-json\/wp\/v2\/media\/260"}],"wp:attachment":[{"href":"https:\/\/georgianaciutescu.ca\/fr-ca\/wp-json\/wp\/v2\/media?parent=251"}],"curies":[{"name":"wp","href":"https:\/\/api.w.org\/{rel}","templated":true}]}}