{"id":14,"date":"2021-01-08T04:11:25","date_gmt":"2021-01-08T04:11:25","guid":{"rendered":"https:\/\/eboat.moxiworks.com\/georgiana-ciutescu\/about-me"},"modified":"2026-03-29T22:40:21","modified_gmt":"2026-03-29T22:40:21","slug":"about-me","status":"publish","type":"page","link":"https:\/\/georgianaciutescu.ca\/fr-ca\/about-me","title":{"rendered":"\u00c0 PROPOS DE MOI"},"content":{"rendered":"\n<h1>\n  \u00c0 PROPOS DE MOI\n\t<\/h1>\n\t<p>Avec plus de 20 ans d\u2019exp\u00e9rience professionnelle en services financiers, gestion successorale et op\u00e9rations, j\u2019apporte une pens\u00e9e analytique rigoureuse, une ex\u00e9cution disciplin\u00e9e et une n\u00e9gociation pr\u00e9cise \u00e0 chaque mandat immobilier. Je sers acheteurs, vendeurs et investisseurs dans toute la r\u00e9gion du Grand Toronto avec la m\u00eame norme que j\u2019ai eue tout au long de ma carri\u00e8re : sans compromis, strat\u00e9gique et enti\u00e8rement bilingue en anglais et en fran\u00e7ais. <\/p>\n<h2>\n  Nouvelles de quartier\n\t<\/h2>\n\t<p>Vous voulez un aper\u00e7u d\u2019un quartier en particulier?  <strong>Remplissez le formulaire pour commencer.<\/strong><\/p>\n\t\t\t<a href=\"\/neighborhood-news\" target=\"_self\">\n  Oui, commen\u00e7ons\n\t\t\t\t\t<\/a>\n\t\t\t\t<img decoding=\"async\" src=\"https:\/\/templates.c21canada.moxiworks.net\/files\/2021\/01\/neighborhood-news-iphone-mockup-cropped-1024x942-1.png\" alt=\"Nouvelles-Quartier-iPhone-Mockup-Crop 1024x942\" itemprop=\"image\" height=\"942\" width=\"1024\" title=\"Nouvelles-Quartier-iPhone-Mockup-Crop 1024x942\" onerror=\"this.style.display='none'\">\n\n","protected":false},"excerpt":{"rendered":"<p>\u00c0 PROPOS DE MOI Avec plus de 20 ans d\u2019exp\u00e9rience professionnelle en services financiers, gestion successorale et op\u00e9rations, j\u2019apporte une pens\u00e9e analytique rigoureuse, une ex\u00e9cution disciplin\u00e9e et une n\u00e9gociation pr\u00e9cise \u00e0 chaque mandat immobilier. Je sers acheteurs, vendeurs et investisseurs dans toute la r\u00e9gion du Grand Toronto avec la m\u00eame norme que j\u2019ai eue tout [&hellip;]<\/p>\n","protected":false},"author":14684,"featured_media":1873,"parent":0,"menu_order":0,"comment_status":"closed","ping_status":"closed","template":"","meta":{"footnotes":""},"class_list":["post-14","page","type-page","status-publish","has-post-thumbnail","hentry"],"_links":{"self":[{"href":"https:\/\/georgianaciutescu.ca\/fr-ca\/wp-json\/wp\/v2\/pages\/14","targetHints":{"allow":["GET"]}}],"collection":[{"href":"https:\/\/georgianaciutescu.ca\/fr-ca\/wp-json\/wp\/v2\/pages"}],"about":[{"href":"https:\/\/georgianaciutescu.ca\/fr-ca\/wp-json\/wp\/v2\/types\/page"}],"author":[{"embeddable":true,"href":"https:\/\/georgianaciutescu.ca\/fr-ca\/wp-json\/wp\/v2\/users\/14684"}],"replies":[{"embeddable":true,"href":"https:\/\/georgianaciutescu.ca\/fr-ca\/wp-json\/wp\/v2\/comments?post=14"}],"version-history":[{"count":1,"href":"https:\/\/georgianaciutescu.ca\/fr-ca\/wp-json\/wp\/v2\/pages\/14\/revisions"}],"predecessor-version":[{"id":252,"href":"https:\/\/georgianaciutescu.ca\/fr-ca\/wp-json\/wp\/v2\/pages\/14\/revisions\/252"}],"wp:featuredmedia":[{"embeddable":true,"href":"https:\/\/georgianaciutescu.ca\/fr-ca\/wp-json\/"}],"wp:attachment":[{"href":"https:\/\/georgianaciutescu.ca\/fr-ca\/wp-json\/wp\/v2\/media?parent=14"}],"curies":[{"name":"wp","href":"https:\/\/api.w.org\/{rel}","templated":true}]}}